{"id":5321,"date":"2022-04-01T03:21:09","date_gmt":"2022-04-01T07:21:09","guid":{"rendered":"https:\/\/fermesvalhallafarms.com\/product\/soutenir-le-membre-partager\/"},"modified":"2026-04-04T13:36:17","modified_gmt":"2026-04-04T17:36:17","slug":"soutenir-le-membre-partager","status":"publish","type":"product","link":"https:\/\/fermesvalhallafarms.com\/fr\/product\/soutenir-le-membre-partager\/","title":{"rendered":"Soutenir le membre Partager"},"content":{"rendered":"<p>Part initiale pour adh\u00e9rer \u00e0 Valhalla Coop Farms en tant que membre de soutien. Cette part n&rsquo;est pas imposable et vous sera restitu\u00e9e lorsque vous quitterez la coop\u00e9rative. <\/p>\n","protected":false},"excerpt":{"rendered":"<p>Part initiale pour adh\u00e9rer \u00e0 Valhalla Coop Farms en tant que membre de soutien. Cette part n&rsquo;est pas imposable et vous sera restitu\u00e9e lorsque vous quitterez la coop\u00e9rative.<\/p>\n","protected":false},"featured_media":0,"template":"","meta":{"_acf_changed":false,"inline_featured_image":false},"product_brand":[],"product_cat":[],"product_tag":[],"event_tag":[],"class_list":{"0":"post-5321","1":"product","2":"type-product","3":"status-publish","6":"first","7":"instock","8":"taxable","9":"shipping-taxable","10":"product-type-simple"},"acf":{"ingredients":"","pre_order_expiration_date":null},"mobizy_show_tiered_pricing_table":false,"mobizy_tiered_pricing_table":[],"mobizy_product_in_grams":{"enabled":false},"product_ticket_fields_data":[],"yoast_head":"<!-- This site is optimized with the Yoast SEO plugin v26.7 - https:\/\/yoast.com\/wordpress\/plugins\/seo\/ -->\n<title>Soutenir le membre Partager - Valhalla Farms Montreal<\/title>\n<meta name=\"robots\" content=\"index, follow, max-snippet:-1, max-image-preview:large, max-video-preview:-1\" \/>\n<link rel=\"canonical\" href=\"https:\/\/fermesvalhallafarms.com\/fr\/product\/soutenir-le-membre-partager\/\" \/>\n<meta property=\"og:locale\" content=\"fr_FR\" \/>\n<meta property=\"og:type\" content=\"article\" \/>\n<meta property=\"og:title\" content=\"Soutenir le membre Partager - Valhalla Farms Montreal\" \/>\n<meta property=\"og:description\" content=\"Part initiale pour adh\u00e9rer \u00e0 Valhalla Coop Farms en tant que membre de soutien. Cette part n&rsquo;est pas imposable et vous sera restitu\u00e9e lorsque vous quitterez la coop\u00e9rative.\" \/>\n<meta property=\"og:url\" content=\"https:\/\/fermesvalhallafarms.com\/fr\/product\/soutenir-le-membre-partager\/\" \/>\n<meta property=\"og:site_name\" content=\"Valhalla Farms Montreal\" \/>\n<meta property=\"article:modified_time\" content=\"2026-04-04T17:36:17+00:00\" \/>\n<meta name=\"twitter:card\" content=\"summary_large_image\" \/>\n<script type=\"application\/ld+json\" class=\"yoast-schema-graph\">{\"@context\":\"https:\/\/schema.org\",\"@graph\":[{\"@type\":\"WebPage\",\"@id\":\"https:\/\/fermesvalhallafarms.com\/fr\/product\/soutenir-le-membre-partager\/\",\"url\":\"https:\/\/fermesvalhallafarms.com\/fr\/product\/soutenir-le-membre-partager\/\",\"name\":\"Soutenir le membre Partager - Valhalla Farms Montreal\",\"isPartOf\":{\"@id\":\"https:\/\/fermesvalhallafarms.com\/fr\/#website\"},\"datePublished\":\"2022-04-01T07:21:09+00:00\",\"dateModified\":\"2026-04-04T17:36:17+00:00\",\"breadcrumb\":{\"@id\":\"https:\/\/fermesvalhallafarms.com\/fr\/product\/soutenir-le-membre-partager\/#breadcrumb\"},\"inLanguage\":\"fr-FR\",\"potentialAction\":[{\"@type\":\"ReadAction\",\"target\":[\"https:\/\/fermesvalhallafarms.com\/fr\/product\/soutenir-le-membre-partager\/\"]}]},{\"@type\":\"BreadcrumbList\",\"@id\":\"https:\/\/fermesvalhallafarms.com\/fr\/product\/soutenir-le-membre-partager\/#breadcrumb\",\"itemListElement\":[{\"@type\":\"ListItem\",\"position\":1,\"name\":\"Home\",\"item\":\"https:\/\/fermesvalhallafarms.com\/fr\/\"},{\"@type\":\"ListItem\",\"position\":2,\"name\":\"Boutique\",\"item\":\"https:\/\/fermesvalhallafarms.com\/shop\/\"},{\"@type\":\"ListItem\",\"position\":3,\"name\":\"Soutenir le membre Partager\"}]},{\"@type\":\"WebSite\",\"@id\":\"https:\/\/fermesvalhallafarms.com\/fr\/#website\",\"url\":\"https:\/\/fermesvalhallafarms.com\/fr\/\",\"name\":\"Valhalla Farms Montreal\",\"description\":\"Official Website of Fermes Valhalla Farms Montreal\",\"potentialAction\":[{\"@type\":\"SearchAction\",\"target\":{\"@type\":\"EntryPoint\",\"urlTemplate\":\"https:\/\/fermesvalhallafarms.com\/fr\/?s={search_term_string}\"},\"query-input\":{\"@type\":\"PropertyValueSpecification\",\"valueRequired\":true,\"valueName\":\"search_term_string\"}}],\"inLanguage\":\"fr-FR\"}]}<\/script>\n<!-- \/ Yoast SEO plugin. -->","yoast_head_json":{"title":"Soutenir le membre Partager - Valhalla Farms Montreal","robots":{"index":"index","follow":"follow","max-snippet":"max-snippet:-1","max-image-preview":"max-image-preview:large","max-video-preview":"max-video-preview:-1"},"canonical":"https:\/\/fermesvalhallafarms.com\/fr\/product\/soutenir-le-membre-partager\/","og_locale":"fr_FR","og_type":"article","og_title":"Soutenir le membre Partager - Valhalla Farms Montreal","og_description":"Part initiale pour adh\u00e9rer \u00e0 Valhalla Coop Farms en tant que membre de soutien. Cette part n&rsquo;est pas imposable et vous sera restitu\u00e9e lorsque vous quitterez la coop\u00e9rative.","og_url":"https:\/\/fermesvalhallafarms.com\/fr\/product\/soutenir-le-membre-partager\/","og_site_name":"Valhalla Farms Montreal","article_modified_time":"2026-04-04T17:36:17+00:00","twitter_card":"summary_large_image","schema":{"@context":"https:\/\/schema.org","@graph":[{"@type":"WebPage","@id":"https:\/\/fermesvalhallafarms.com\/fr\/product\/soutenir-le-membre-partager\/","url":"https:\/\/fermesvalhallafarms.com\/fr\/product\/soutenir-le-membre-partager\/","name":"Soutenir le membre Partager - Valhalla Farms Montreal","isPartOf":{"@id":"https:\/\/fermesvalhallafarms.com\/fr\/#website"},"datePublished":"2022-04-01T07:21:09+00:00","dateModified":"2026-04-04T17:36:17+00:00","breadcrumb":{"@id":"https:\/\/fermesvalhallafarms.com\/fr\/product\/soutenir-le-membre-partager\/#breadcrumb"},"inLanguage":"fr-FR","potentialAction":[{"@type":"ReadAction","target":["https:\/\/fermesvalhallafarms.com\/fr\/product\/soutenir-le-membre-partager\/"]}]},{"@type":"BreadcrumbList","@id":"https:\/\/fermesvalhallafarms.com\/fr\/product\/soutenir-le-membre-partager\/#breadcrumb","itemListElement":[{"@type":"ListItem","position":1,"name":"Home","item":"https:\/\/fermesvalhallafarms.com\/fr\/"},{"@type":"ListItem","position":2,"name":"Boutique","item":"https:\/\/fermesvalhallafarms.com\/shop\/"},{"@type":"ListItem","position":3,"name":"Soutenir le membre Partager"}]},{"@type":"WebSite","@id":"https:\/\/fermesvalhallafarms.com\/fr\/#website","url":"https:\/\/fermesvalhallafarms.com\/fr\/","name":"Valhalla Farms Montreal","description":"Official Website of Fermes Valhalla Farms Montreal","potentialAction":[{"@type":"SearchAction","target":{"@type":"EntryPoint","urlTemplate":"https:\/\/fermesvalhallafarms.com\/fr\/?s={search_term_string}"},"query-input":{"@type":"PropertyValueSpecification","valueRequired":true,"valueName":"search_term_string"}}],"inLanguage":"fr-FR"}]}},"jetpack_sharing_enabled":true,"_links":{"self":[{"href":"https:\/\/fermesvalhallafarms.com\/fr\/wp-json\/wp\/v2\/product\/5321","targetHints":{"allow":["GET"]}}],"collection":[{"href":"https:\/\/fermesvalhallafarms.com\/fr\/wp-json\/wp\/v2\/product"}],"about":[{"href":"https:\/\/fermesvalhallafarms.com\/fr\/wp-json\/wp\/v2\/types\/product"}],"wp:attachment":[{"href":"https:\/\/fermesvalhallafarms.com\/fr\/wp-json\/wp\/v2\/media?parent=5321"}],"wp:term":[{"taxonomy":"product_brand","embeddable":true,"href":"https:\/\/fermesvalhallafarms.com\/fr\/wp-json\/wp\/v2\/product_brand?post=5321"},{"taxonomy":"product_cat","embeddable":true,"href":"https:\/\/fermesvalhallafarms.com\/fr\/wp-json\/wp\/v2\/product_cat?post=5321"},{"taxonomy":"product_tag","embeddable":true,"href":"https:\/\/fermesvalhallafarms.com\/fr\/wp-json\/wp\/v2\/product_tag?post=5321"},{"taxonomy":"event_tag","embeddable":true,"href":"https:\/\/fermesvalhallafarms.com\/fr\/wp-json\/wp\/v2\/event_tag?post=5321"}],"curies":[{"name":"wp","href":"https:\/\/api.w.org\/{rel}","templated":true}]}}