{"id":5360,"date":"2023-03-11T18:53:37","date_gmt":"2023-03-11T23:53:37","guid":{"rendered":"https:\/\/fermesvalhallafarms.com\/product\/supporter-payez-ce-que-vous-voulez\/"},"modified":"2025-04-17T08:15:41","modified_gmt":"2025-04-17T12:15:41","slug":"supporter-payez-ce-que-vous-voulez","status":"publish","type":"product","link":"https:\/\/fermesvalhallafarms.com\/fr\/product\/supporter-payez-ce-que-vous-voulez\/","title":{"rendered":"Supporter &#8211; Payez ce que vous voulez"},"content":{"rendered":"<p>At Valhalla Farms survit gr\u00e2ce au soutien de sa communaut\u00e9 de plusieurs fa\u00e7ons. Qu&rsquo;il s&rsquo;agisse de devenir membre ou de donner ce que vous pouvez quand vous le pouvez, en personne ou financi\u00e8rement. quand vous le pouvez, en personne ou financi\u00e8rement. tout cela nous aide \u00e0 construire notre communaut\u00e9 et notre ferme \u00e0 \u00eatre plus forte chaque jour. <\/p>\n<p>Nous appr\u00e9cions vivement votre soutien.<\/p>\n","protected":false},"excerpt":{"rendered":"<p>At Valhalla Farms survit gr\u00e2ce au soutien de sa communaut\u00e9 de plusieurs fa\u00e7ons. Qu&rsquo;il s&rsquo;agisse de devenir membre ou de donner ce que vous pouvez quand vous le pouvez, en personne ou financi\u00e8rement. quand vous le pouvez, en personne ou financi\u00e8rement. tout cela nous aide \u00e0 construire notre communaut\u00e9 et notre ferme \u00e0 \u00eatre plus forte chaque jour. <\/p>\n<p>Nous appr\u00e9cions vivement votre soutien.<\/p>\n","protected":false},"featured_media":4720,"template":"","meta":{"_acf_changed":false,"inline_featured_image":false},"product_brand":[],"product_cat":[117],"product_tag":[],"event_tag":[],"class_list":{"0":"post-5360","1":"product","2":"type-product","3":"status-publish","4":"has-post-thumbnail","6":"product_cat-don","8":"first","9":"instock","10":"purchasable","11":"product-type-variable-subscription"},"acf":{"ingredients":"","pre_order_expiration_date":null},"mobizy_show_tiered_pricing_table":false,"mobizy_tiered_pricing_table":[],"mobizy_product_in_grams":{"enabled":false},"product_ticket_fields_data":[],"yoast_head":"<!-- This site is optimized with the Yoast SEO plugin v26.7 - https:\/\/yoast.com\/wordpress\/plugins\/seo\/ -->\n<title>Supporter - Payez ce que vous voulez - Valhalla Farms Montreal<\/title>\n<meta name=\"robots\" content=\"index, follow, max-snippet:-1, max-image-preview:large, max-video-preview:-1\" \/>\n<link rel=\"canonical\" href=\"https:\/\/fermesvalhallafarms.com\/fr\/product\/supporter-payez-ce-que-vous-voulez\/\" \/>\n<meta property=\"og:locale\" content=\"fr_FR\" \/>\n<meta property=\"og:type\" content=\"article\" \/>\n<meta property=\"og:title\" content=\"Supporter - Payez ce que vous voulez - Valhalla Farms Montreal\" \/>\n<meta property=\"og:description\" content=\"At Valhalla Farms survit gr\u00e2ce au soutien de sa communaut\u00e9 de plusieurs fa\u00e7ons. Qu&#039;il s&#039;agisse de devenir membre ou de donner ce que vous pouvez quand vous le pouvez, en personne ou financi\u00e8rement. quand vous le pouvez, en personne ou financi\u00e8rement. tout cela nous aide \u00e0 construire notre communaut\u00e9 et notre ferme \u00e0 \u00eatre plus forte chaque jour.  Nous appr\u00e9cions vivement votre soutien.\" \/>\n<meta property=\"og:url\" content=\"https:\/\/fermesvalhallafarms.com\/fr\/product\/supporter-payez-ce-que-vous-voulez\/\" \/>\n<meta property=\"og:site_name\" content=\"Valhalla Farms Montreal\" \/>\n<meta property=\"article:modified_time\" content=\"2025-04-17T12:15:41+00:00\" \/>\n<meta property=\"og:image\" content=\"https:\/\/fermesvalhallafarms.com\/wp-content\/uploads\/2023\/03\/your-support-matters.jpg\" \/>\n\t<meta property=\"og:image:width\" content=\"500\" \/>\n\t<meta property=\"og:image:height\" content=\"500\" \/>\n\t<meta property=\"og:image:type\" content=\"image\/jpeg\" \/>\n<meta name=\"twitter:card\" content=\"summary_large_image\" \/>\n<script type=\"application\/ld+json\" class=\"yoast-schema-graph\">{\"@context\":\"https:\/\/schema.org\",\"@graph\":[{\"@type\":\"WebPage\",\"@id\":\"https:\/\/fermesvalhallafarms.com\/fr\/product\/supporter-payez-ce-que-vous-voulez\/\",\"url\":\"https:\/\/fermesvalhallafarms.com\/fr\/product\/supporter-payez-ce-que-vous-voulez\/\",\"name\":\"Supporter - Payez ce que vous voulez - Valhalla Farms Montreal\",\"isPartOf\":{\"@id\":\"https:\/\/fermesvalhallafarms.com\/fr\/#website\"},\"primaryImageOfPage\":{\"@id\":\"https:\/\/fermesvalhallafarms.com\/fr\/product\/supporter-payez-ce-que-vous-voulez\/#primaryimage\"},\"image\":{\"@id\":\"https:\/\/fermesvalhallafarms.com\/fr\/product\/supporter-payez-ce-que-vous-voulez\/#primaryimage\"},\"thumbnailUrl\":\"https:\/\/i0.wp.com\/fermesvalhallafarms.com\/wp-content\/uploads\/2023\/03\/your-support-matters.jpg?fit=500%2C500&ssl=1\",\"datePublished\":\"2023-03-11T23:53:37+00:00\",\"dateModified\":\"2025-04-17T12:15:41+00:00\",\"breadcrumb\":{\"@id\":\"https:\/\/fermesvalhallafarms.com\/fr\/product\/supporter-payez-ce-que-vous-voulez\/#breadcrumb\"},\"inLanguage\":\"fr-FR\",\"potentialAction\":[{\"@type\":\"ReadAction\",\"target\":[\"https:\/\/fermesvalhallafarms.com\/fr\/product\/supporter-payez-ce-que-vous-voulez\/\"]}]},{\"@type\":\"ImageObject\",\"inLanguage\":\"fr-FR\",\"@id\":\"https:\/\/fermesvalhallafarms.com\/fr\/product\/supporter-payez-ce-que-vous-voulez\/#primaryimage\",\"url\":\"https:\/\/i0.wp.com\/fermesvalhallafarms.com\/wp-content\/uploads\/2023\/03\/your-support-matters.jpg?fit=500%2C500&ssl=1\",\"contentUrl\":\"https:\/\/i0.wp.com\/fermesvalhallafarms.com\/wp-content\/uploads\/2023\/03\/your-support-matters.jpg?fit=500%2C500&ssl=1\",\"width\":500,\"height\":500},{\"@type\":\"BreadcrumbList\",\"@id\":\"https:\/\/fermesvalhallafarms.com\/fr\/product\/supporter-payez-ce-que-vous-voulez\/#breadcrumb\",\"itemListElement\":[{\"@type\":\"ListItem\",\"position\":1,\"name\":\"Home\",\"item\":\"https:\/\/fermesvalhallafarms.com\/fr\/\"},{\"@type\":\"ListItem\",\"position\":2,\"name\":\"Boutique\",\"item\":\"https:\/\/fermesvalhallafarms.com\/shop\/\"},{\"@type\":\"ListItem\",\"position\":3,\"name\":\"Supporter &#8211; Payez ce que vous voulez\"}]},{\"@type\":\"WebSite\",\"@id\":\"https:\/\/fermesvalhallafarms.com\/fr\/#website\",\"url\":\"https:\/\/fermesvalhallafarms.com\/fr\/\",\"name\":\"Valhalla Farms Montreal\",\"description\":\"Official Website of Fermes Valhalla Farms Montreal\",\"potentialAction\":[{\"@type\":\"SearchAction\",\"target\":{\"@type\":\"EntryPoint\",\"urlTemplate\":\"https:\/\/fermesvalhallafarms.com\/fr\/?s={search_term_string}\"},\"query-input\":{\"@type\":\"PropertyValueSpecification\",\"valueRequired\":true,\"valueName\":\"search_term_string\"}}],\"inLanguage\":\"fr-FR\"}]}<\/script>\n<!-- \/ Yoast SEO plugin. -->","yoast_head_json":{"title":"Supporter - Payez ce que vous voulez - Valhalla Farms Montreal","robots":{"index":"index","follow":"follow","max-snippet":"max-snippet:-1","max-image-preview":"max-image-preview:large","max-video-preview":"max-video-preview:-1"},"canonical":"https:\/\/fermesvalhallafarms.com\/fr\/product\/supporter-payez-ce-que-vous-voulez\/","og_locale":"fr_FR","og_type":"article","og_title":"Supporter - Payez ce que vous voulez - Valhalla Farms Montreal","og_description":"At Valhalla Farms survit gr\u00e2ce au soutien de sa communaut\u00e9 de plusieurs fa\u00e7ons. Qu'il s'agisse de devenir membre ou de donner ce que vous pouvez quand vous le pouvez, en personne ou financi\u00e8rement. quand vous le pouvez, en personne ou financi\u00e8rement. tout cela nous aide \u00e0 construire notre communaut\u00e9 et notre ferme \u00e0 \u00eatre plus forte chaque jour.  Nous appr\u00e9cions vivement votre soutien.","og_url":"https:\/\/fermesvalhallafarms.com\/fr\/product\/supporter-payez-ce-que-vous-voulez\/","og_site_name":"Valhalla Farms Montreal","article_modified_time":"2025-04-17T12:15:41+00:00","og_image":[{"width":500,"height":500,"url":"https:\/\/fermesvalhallafarms.com\/wp-content\/uploads\/2023\/03\/your-support-matters.jpg","type":"image\/jpeg"}],"twitter_card":"summary_large_image","schema":{"@context":"https:\/\/schema.org","@graph":[{"@type":"WebPage","@id":"https:\/\/fermesvalhallafarms.com\/fr\/product\/supporter-payez-ce-que-vous-voulez\/","url":"https:\/\/fermesvalhallafarms.com\/fr\/product\/supporter-payez-ce-que-vous-voulez\/","name":"Supporter - Payez ce que vous voulez - Valhalla Farms Montreal","isPartOf":{"@id":"https:\/\/fermesvalhallafarms.com\/fr\/#website"},"primaryImageOfPage":{"@id":"https:\/\/fermesvalhallafarms.com\/fr\/product\/supporter-payez-ce-que-vous-voulez\/#primaryimage"},"image":{"@id":"https:\/\/fermesvalhallafarms.com\/fr\/product\/supporter-payez-ce-que-vous-voulez\/#primaryimage"},"thumbnailUrl":"https:\/\/i0.wp.com\/fermesvalhallafarms.com\/wp-content\/uploads\/2023\/03\/your-support-matters.jpg?fit=500%2C500&ssl=1","datePublished":"2023-03-11T23:53:37+00:00","dateModified":"2025-04-17T12:15:41+00:00","breadcrumb":{"@id":"https:\/\/fermesvalhallafarms.com\/fr\/product\/supporter-payez-ce-que-vous-voulez\/#breadcrumb"},"inLanguage":"fr-FR","potentialAction":[{"@type":"ReadAction","target":["https:\/\/fermesvalhallafarms.com\/fr\/product\/supporter-payez-ce-que-vous-voulez\/"]}]},{"@type":"ImageObject","inLanguage":"fr-FR","@id":"https:\/\/fermesvalhallafarms.com\/fr\/product\/supporter-payez-ce-que-vous-voulez\/#primaryimage","url":"https:\/\/i0.wp.com\/fermesvalhallafarms.com\/wp-content\/uploads\/2023\/03\/your-support-matters.jpg?fit=500%2C500&ssl=1","contentUrl":"https:\/\/i0.wp.com\/fermesvalhallafarms.com\/wp-content\/uploads\/2023\/03\/your-support-matters.jpg?fit=500%2C500&ssl=1","width":500,"height":500},{"@type":"BreadcrumbList","@id":"https:\/\/fermesvalhallafarms.com\/fr\/product\/supporter-payez-ce-que-vous-voulez\/#breadcrumb","itemListElement":[{"@type":"ListItem","position":1,"name":"Home","item":"https:\/\/fermesvalhallafarms.com\/fr\/"},{"@type":"ListItem","position":2,"name":"Boutique","item":"https:\/\/fermesvalhallafarms.com\/shop\/"},{"@type":"ListItem","position":3,"name":"Supporter &#8211; Payez ce que vous voulez"}]},{"@type":"WebSite","@id":"https:\/\/fermesvalhallafarms.com\/fr\/#website","url":"https:\/\/fermesvalhallafarms.com\/fr\/","name":"Valhalla Farms Montreal","description":"Official Website of Fermes Valhalla Farms Montreal","potentialAction":[{"@type":"SearchAction","target":{"@type":"EntryPoint","urlTemplate":"https:\/\/fermesvalhallafarms.com\/fr\/?s={search_term_string}"},"query-input":{"@type":"PropertyValueSpecification","valueRequired":true,"valueName":"search_term_string"}}],"inLanguage":"fr-FR"}]}},"jetpack_sharing_enabled":true,"_links":{"self":[{"href":"https:\/\/fermesvalhallafarms.com\/fr\/wp-json\/wp\/v2\/product\/5360","targetHints":{"allow":["GET"]}}],"collection":[{"href":"https:\/\/fermesvalhallafarms.com\/fr\/wp-json\/wp\/v2\/product"}],"about":[{"href":"https:\/\/fermesvalhallafarms.com\/fr\/wp-json\/wp\/v2\/types\/product"}],"wp:featuredmedia":[{"embeddable":true,"href":"https:\/\/fermesvalhallafarms.com\/fr\/wp-json\/wp\/v2\/media\/4720"}],"wp:attachment":[{"href":"https:\/\/fermesvalhallafarms.com\/fr\/wp-json\/wp\/v2\/media?parent=5360"}],"wp:term":[{"taxonomy":"product_brand","embeddable":true,"href":"https:\/\/fermesvalhallafarms.com\/fr\/wp-json\/wp\/v2\/product_brand?post=5360"},{"taxonomy":"product_cat","embeddable":true,"href":"https:\/\/fermesvalhallafarms.com\/fr\/wp-json\/wp\/v2\/product_cat?post=5360"},{"taxonomy":"product_tag","embeddable":true,"href":"https:\/\/fermesvalhallafarms.com\/fr\/wp-json\/wp\/v2\/product_tag?post=5360"},{"taxonomy":"event_tag","embeddable":true,"href":"https:\/\/fermesvalhallafarms.com\/fr\/wp-json\/wp\/v2\/event_tag?post=5360"}],"curies":[{"name":"wp","href":"https:\/\/api.w.org\/{rel}","templated":true}]}}